{"id":154,"date":"2026-04-20T04:08:53","date_gmt":"2026-04-20T04:08:53","guid":{"rendered":"https:\/\/monedaalaire.com\/?page_id=154"},"modified":"2026-04-20T05:12:30","modified_gmt":"2026-04-20T05:12:30","slug":"historia","status":"publish","type":"page","link":"https:\/\/monedaalaire.com\/?page_id=154","title":{"rendered":"Historia"},"content":{"rendered":"\n<style type=\"text\/css\" data-created_by=\"avia_inline_auto\" id=\"style-css-av-jdusy-2a3e94f5a848d6866ade110d62f4c8b5\">\n.avia-section.av-jdusy-2a3e94f5a848d6866ade110d62f4c8b5{\nbackground-repeat:no-repeat;\nbackground-image:url(https:\/\/monedaalaire.com\/wp-content\/uploads\/2026\/04\/Rockotitlan-3.jpg);\nbackground-position:50% 50%;\nbackground-attachment:scroll;\n}\n.avia-section.av-jdusy-2a3e94f5a848d6866ade110d62f4c8b5 .av-section-color-overlay{\nopacity:0.8;\nbackground-color:#000000;\n}\n<\/style>\n<div id='av_section_1'  class='avia-section av-jdusy-2a3e94f5a848d6866ade110d62f4c8b5 main_color avia-section-default avia-no-border-styling  avia-builder-el-0  el_before_av_hr  avia-builder-el-first  avia-full-stretch avia-bg-style-scroll av-section-color-overlay-active av-minimum-height av-minimum-height-50 av-height-50  container_wrap fullsize'  data-section-bg-repeat='stretch' data-av_minimum_height_pc='50' data-av_min_height_opt='50'><div class=\"av-section-color-overlay-wrap\"><div class=\"av-section-color-overlay\"><\/div><div class='container av-section-cont-open' ><main  role=\"main\" itemprop=\"mainContentOfPage\"  class='template-page content  av-content-full alpha units'><div class='post-entry post-entry-type-page post-entry-154'><div class='entry-content-wrapper clearfix'>\n\n<style type=\"text\/css\" data-created_by=\"avia_inline_auto\" id=\"style-css-av-mo6pgq8o-f2866251eb6bf9b487eed654f14f7673\">\n#top .av-special-heading.av-mo6pgq8o-f2866251eb6bf9b487eed654f14f7673{\npadding-bottom:10px;\nfont-size:5vw;\n}\nbody .av-special-heading.av-mo6pgq8o-f2866251eb6bf9b487eed654f14f7673 .av-special-heading-tag .heading-char{\nfont-size:25px;\n}\n#top #wrap_all .av-special-heading.av-mo6pgq8o-f2866251eb6bf9b487eed654f14f7673 .av-special-heading-tag{\nfont-size:5vw;\n}\n.av-special-heading.av-mo6pgq8o-f2866251eb6bf9b487eed654f14f7673 .av-subheading{\nfont-size:15px;\n}\n\n@media only screen and (min-width: 480px) and (max-width: 767px){ \n#top #wrap_all .av-special-heading.av-mo6pgq8o-f2866251eb6bf9b487eed654f14f7673 .av-special-heading-tag{\nfont-size:0.8em;\n}\n}\n\n@media only screen and (max-width: 479px){ \n#top #wrap_all .av-special-heading.av-mo6pgq8o-f2866251eb6bf9b487eed654f14f7673 .av-special-heading-tag{\nfont-size:0.8em;\n}\n}\n<\/style>\n<div  class='av-special-heading av-mo6pgq8o-f2866251eb6bf9b487eed654f14f7673 av-special-heading-h2 blockquote modern-quote  avia-builder-el-1  avia-builder-el-no-sibling  av-inherit-size'><h2 class='av-special-heading-tag '  itemprop=\"headline\"  >Historia<\/h2><div class=\"special-heading-border\"><div class=\"special-heading-inner-border\"><\/div><\/div><\/div>\n<\/div><\/div><\/main><!-- close content main element --><\/div><\/div><\/div><div id='after_section_1'  class='main_color av_default_container_wrap container_wrap fullsize'  ><div class='container av-section-cont-open' ><div class='template-page content  av-content-full alpha units'><div class='post-entry post-entry-type-page post-entry-154'><div class='entry-content-wrapper clearfix'>\n\n<style type=\"text\/css\" data-created_by=\"avia_inline_auto\" id=\"style-css-av-mo6q85q5-4554fc4daecd6a4584e3403baddc7484\">\n#top .hr.hr-invisible.av-mo6q85q5-4554fc4daecd6a4584e3403baddc7484{\nheight:50px;\n}\n<\/style>\n<div  class='hr av-mo6q85q5-4554fc4daecd6a4584e3403baddc7484 hr-invisible  avia-builder-el-2  el_after_av_section  el_before_av_layout_row  avia-builder-el-no-sibling '><span class='hr-inner '><span class=\"hr-inner-style\"><\/span><\/span><\/div>\n<\/div><\/div><\/div><!-- close content main div --><\/div><\/div><div id='av-layout-grid-1'  class='av-layout-grid-container av-kz3re-9b85d2bdcd16238a650146d603b74b15 entry-content-wrapper main_color av-flex-cells  avia-builder-el-3  el_after_av_hr  avia-builder-el-last  grid-row-not-first  container_wrap fullsize'  >\n<div class='flex_cell av-gi9my-47cf92604fcf8df5e59f271c0cab651b av-gridrow-cell av_one_half no_margin  avia-builder-el-4  el_before_av_cell_one_half  avia-builder-el-first '  ><div class='flex_cell_inner'>\n<style type=\"text\/css\" data-created_by=\"avia_inline_auto\" id=\"style-css-av-mo6od0ss-250f8b5e06a1bb37127f4377ecac37e9\">\n.flex_column.av-mo6od0ss-250f8b5e06a1bb37127f4377ecac37e9{\nbackground-color:#f9f9f9;\n}\n<\/style>\n<div  class='flex_column av-mo6od0ss-250f8b5e06a1bb37127f4377ecac37e9 av_one_full  avia-builder-el-5  avia-builder-el-no-sibling  first flex_column_div  '     ><style type=\"text\/css\" data-created_by=\"avia_inline_auto\" id=\"style-css-av-mo6o9e7j-c87ed1c4370f53461fd52bae2c48c79f\">\n.avia-image-container.av-mo6o9e7j-c87ed1c4370f53461fd52bae2c48c79f img.avia_image{\nbox-shadow:none;\n}\n.avia-image-container.av-mo6o9e7j-c87ed1c4370f53461fd52bae2c48c79f .av-image-caption-overlay-center{\ncolor:#ffffff;\n}\n<\/style>\n<div  class='avia-image-container av-mo6o9e7j-c87ed1c4370f53461fd52bae2c48c79f av-styling- avia-align-center  avia-builder-el-6  avia-builder-el-no-sibling '   itemprop=\"image\" itemscope=\"itemscope\" itemtype=\"https:\/\/schema.org\/ImageObject\" ><div class=\"avia-image-container-inner\"><div class=\"avia-image-overlay-wrap\"><img decoding=\"async\" fetchpriority=\"high\" class='wp-image-155 avia-img-lazy-loading-not-155 avia_image ' src=\"https:\/\/monedaalaire.com\/wp-content\/uploads\/2026\/04\/WhatsApp-Image-2026-04-17-at-12.51.37-PM.jpeg\" alt='' title='WhatsApp Image 2026-04-17 at 12.51.37 PM'  height=\"853\" width=\"1280\"  itemprop=\"thumbnailUrl\" srcset=\"https:\/\/monedaalaire.com\/wp-content\/uploads\/2026\/04\/WhatsApp-Image-2026-04-17-at-12.51.37-PM.jpeg 1280w, https:\/\/monedaalaire.com\/wp-content\/uploads\/2026\/04\/WhatsApp-Image-2026-04-17-at-12.51.37-PM-300x200.jpeg 300w, https:\/\/monedaalaire.com\/wp-content\/uploads\/2026\/04\/WhatsApp-Image-2026-04-17-at-12.51.37-PM-1030x686.jpeg 1030w, https:\/\/monedaalaire.com\/wp-content\/uploads\/2026\/04\/WhatsApp-Image-2026-04-17-at-12.51.37-PM-768x512.jpeg 768w, https:\/\/monedaalaire.com\/wp-content\/uploads\/2026\/04\/WhatsApp-Image-2026-04-17-at-12.51.37-PM-705x470.jpeg 705w\" sizes=\"(max-width: 1280px) 100vw, 1280px\" \/><\/div><\/div><\/div><\/div>\n<\/div><\/div>\n<style type=\"text\/css\" data-created_by=\"avia_inline_auto\" id=\"style-css-av-mo6q1m76-86c098078bcd15182b2b21b79037c549\">\n.flex_cell.av-mo6q1m76-86c098078bcd15182b2b21b79037c549{\nvertical-align:top;\nbackground-color:#ffffff;\n}\n<\/style>\n<div class='flex_cell av-mo6q1m76-86c098078bcd15182b2b21b79037c549 av-gridrow-cell av_one_half no_margin  avia-builder-el-7  el_after_av_cell_one_half  avia-builder-el-last '  ><div class='flex_cell_inner'>\n<style type=\"text\/css\" data-created_by=\"avia_inline_auto\" id=\"style-css-av-8yshm-49b92b5abd0645449b5e2b6cbe985960\">\n.flex_column.av-8yshm-49b92b5abd0645449b5e2b6cbe985960{\npadding:30px 30px 30px 30px;\n}\n<\/style>\n<div  class='flex_column av-8yshm-49b92b5abd0645449b5e2b6cbe985960 av_one_full  avia-builder-el-8  avia-builder-el-no-sibling  first flex_column_div  '     ><style type=\"text\/css\" data-created_by=\"avia_inline_auto\" id=\"style-css-av-mo6oblcv-e02e435c87eb5d91e990cbe72b68bc64\">\n#top .av_textblock_section.av-mo6oblcv-e02e435c87eb5d91e990cbe72b68bc64 .avia_textblock{\nfont-size:18px;\ncolor:#666666;\n}\n<\/style>\n<section  class='av_textblock_section av-mo6oblcv-e02e435c87eb5d91e990cbe72b68bc64 '   itemscope=\"itemscope\" itemtype=\"https:\/\/schema.org\/CreativeWork\" ><div class='avia_textblock av_inherit_color'  itemprop=\"text\" ><p>A mediados de los a\u00f1os setenta, cuando hacer rock en M\u00e9xico era casi un acto de resistencia, un grupo de j\u00f3venes decidi\u00f3 intentarlo de todos modos. Sin grandes escenarios, sin recursos suficientes y con m\u00e1s obst\u00e1culos que certezas, Eduardo Zimbr\u00f3n y Jaime Calder\u00f3n, junto a Federico Traeger y Emilio Yarto, comenzaron a construir algo que iba m\u00e1s all\u00e1 de la m\u00fasica: una forma de expresi\u00f3n, un refugio, una apuesta por crear.<\/p>\n<p>Con el paso del tiempo, el proyecto fue transform\u00e1ndose. Llegaron nuevos m\u00fasicos, nuevas ideas, nuevas b\u00fasquedas. Javier Etchegaray se integr\u00f3 al camino, y m\u00e1s adelante Guillermo Galindo, Jaime C\u00e9spedes y Sergio Salm\u00f3n. As\u00ed naci\u00f3 Karma: una banda que pronto encontr\u00f3 su propia voz. Una voz aut\u00e9ntica, inquieta, profundamente creativa.<\/p>\n<p>Aunque Karma se disolvi\u00f3 en 1982, dejando apenas un sencillo como testimonio tangible, su esencia no desapareci\u00f3. Sigui\u00f3 viva en quienes la formaron. En los a\u00f1os ochenta, Guillermo Galindo y Jaime Calder\u00f3n dieron vida a Virus, otro intento, otra etapa, otra b\u00fasqueda. Pero los caminos volvieron a separarse cuando Galindo parti\u00f3 a Estados Unidos para seguir su formaci\u00f3n musical.<\/p>\n<p>El tiempo pas\u00f3. Y, como suele ocurrir con las historias que importan, volvi\u00f3 a reunir a algunos de sus protagonistas.<\/p>\n<p>Eduardo Zimbr\u00f3n y Jaime Calder\u00f3n se reencontraron con Alfonso de la Parra \u2014tecladista, creador, explorador de sonidos y tambi\u00e9n de monta\u00f1as\u2014 para dar forma a Moneda al Aire. Este nuevo proyecto no solo retom\u00f3 el esp\u00edritu original, sino que lo llev\u00f3 m\u00e1s lejos: composiciones completamente propias, una libertad creativa total y un sonido rico, diverso, sin concesiones.<\/p>\n<p>Las grabaciones quedaron guardadas en cintas, como c\u00e1psulas de tiempo. Durante a\u00f1os, permanecieron en silencio.<\/p>\n<p>Hasta ahora.<\/p>\n<p>D\u00e9cadas despu\u00e9s, la tecnolog\u00eda permiti\u00f3 recuperar esas piezas que alguna vez fueron presente y hoy son memoria viva. Escucharlas es asomarse a un momento irrepetible: a la energ\u00eda, la intuici\u00f3n y la pasi\u00f3n de m\u00fasicos que creaban sin saber que el tiempo terminar\u00eda d\u00e1ndoles la raz\u00f3n.<\/p>\n<p>Moneda al Aire tambi\u00e9n lleg\u00f3 a su fin. La vida llev\u00f3 a sus integrantes por otros caminos, lejos de los escenarios. Y en 2006, la historia sum\u00f3 una ausencia imposible de ignorar: Alfonso de la Parra desapareci\u00f3 en el Himalaya, mientras escalaba el Changabang. Su cuerpo nunca fue encontrado. Pero su esp\u00edritu \u2014indomable, libre, siempre en b\u00fasqueda\u2014 permanece en cada nota.<\/p>\n<p>Hoy, esta m\u00fasica vuelve a ver la luz.<\/p>\n<p>No como un recuerdo, sino como un descubrimiento.<\/p>\n<p>Producida por Eduardo Zimbr\u00f3n, esta colecci\u00f3n rescata una joya que permaneci\u00f3 oculta por casi cuarenta a\u00f1os. Una obra nacida contra todo pron\u00f3stico, sostenida por la pasi\u00f3n y el tiempo\u2026 y finalmente liberada para ser escuchada.<\/p>\n<\/div><\/section><\/div>\n<\/div><\/div><\/div>\n","protected":false},"excerpt":{"rendered":"","protected":false},"author":1,"featured_media":0,"parent":0,"menu_order":0,"comment_status":"closed","ping_status":"closed","template":"","meta":{"footnotes":""},"class_list":["post-154","page","type-page","status-publish","hentry"],"_links":{"self":[{"href":"https:\/\/monedaalaire.com\/index.php?rest_route=\/wp\/v2\/pages\/154","targetHints":{"allow":["GET"]}}],"collection":[{"href":"https:\/\/monedaalaire.com\/index.php?rest_route=\/wp\/v2\/pages"}],"about":[{"href":"https:\/\/monedaalaire.com\/index.php?rest_route=\/wp\/v2\/types\/page"}],"author":[{"embeddable":true,"href":"https:\/\/monedaalaire.com\/index.php?rest_route=\/wp\/v2\/users\/1"}],"replies":[{"embeddable":true,"href":"https:\/\/monedaalaire.com\/index.php?rest_route=%2Fwp%2Fv2%2Fcomments&post=154"}],"version-history":[{"count":8,"href":"https:\/\/monedaalaire.com\/index.php?rest_route=\/wp\/v2\/pages\/154\/revisions"}],"predecessor-version":[{"id":166,"href":"https:\/\/monedaalaire.com\/index.php?rest_route=\/wp\/v2\/pages\/154\/revisions\/166"}],"wp:attachment":[{"href":"https:\/\/monedaalaire.com\/index.php?rest_route=%2Fwp%2Fv2%2Fmedia&parent=154"}],"curies":[{"name":"wp","href":"https:\/\/api.w.org\/{rel}","templated":true}]}}